{"id":229,"date":"2015-07-27T03:29:01","date_gmt":"2015-07-27T03:29:01","guid":{"rendered":"http:\/\/demo.vegatheme.com\/archi\/?page_id=229"},"modified":"2020-12-28T16:36:18","modified_gmt":"2020-12-28T15:36:18","slug":"about","status":"publish","type":"page","link":"https:\/\/magency.it\/magency\/index.php\/about\/","title":{"rendered":"Chi Siamo"},"content":{"rendered":"<p><strong>Siamo un\u2019agenzia di intermediazione nel settore dei semilavorati.<\/strong><\/p>\n<p>La nostra esperienza ventennale ci ha permesso di individuare una molteplicit\u00e0 di fornitori affidabili che producono semilavorati di legno massiccio per la produzione di mobili e componenti per l\u2019arredamento: pannelli a lista intera e giuntati, elementi ed antine, di varie essenze e misure, anche su disegno cliente.<\/p>\n<p>Abbiamo inoltre la possibilit\u00e0 di fornire pannelli alle aziende produttrici di packaging per uso alimentare ed elementi per altre attivit\u00e0 specifiche in questo settore.<\/p>\n<p>La nostra attivit\u00e0 non si limita alla creazione di un contatto fornitore\/cliente: ascoltando le esigenze del cliente, e verificando le concrete possibilit\u00e0 produttive del fornitore, possiamo insieme individuare un prodotto customizzato in termini di qualit\u00e0, aspetto e specifiche tecniche, contribuendo cos\u00ec a fornire un servizio praticamente completo dall\u2019approvvigionamento della materia prima, alla verifica dei requisiti e delle certificazioni richiesti dal settore e dal quadro normativo di settore, fino al trasporto e consegna finale al cliente.<\/p>\n<p>Il nostro impegno ci ha permesso di costruire rapporti proficui con molte aziende in Italia e all\u2019estero.<\/p>\n<p>Inoltre da alcuni anni abbiamo affiancato ai nostri uffici uno showroom per la vendita di alcune collezioni di mobili giorno e notte solo in legno massello, che proponiamo anche al consumatore finale. Questo business di nicchia ci ha fatto conoscere ulteriori aspetti del settore del legno ed entrare in altri comparti.<\/p>","protected":false},"excerpt":{"rendered":"<p>Siamo un\u2019agenzia di intermediazione nel settore dei semilavorati. La nostra esperienza ventennale ci ha permesso di individuare una molteplicit\u00e0 di fornitori affidabili che producono semilavorati di legno massiccio per la produzione di mobili e componenti per l\u2019arredamento: pannelli a lista intera e giuntati, elementi ed antine, di varie essenze e misure, anche su disegno cliente. [&hellip;]<\/p>\n","protected":false},"author":1,"featured_media":0,"parent":0,"menu_order":0,"comment_status":"open","ping_status":"open","template":"","meta":[],"yoast_head":"<!-- This site is optimized with the Yoast SEO plugin v19.8 - https:\/\/yoast.com\/wordpress\/plugins\/seo\/ -->\n<title>Chi siamo - Magency Udine<\/title>\n<meta name=\"description\" content=\"Siamo un\u2019agenzia di intermediazione nel settore dei semilavorati con esperienza ventennale in Italia e all&#039;estero.\" \/>\n<meta name=\"robots\" content=\"index, follow, max-snippet:-1, max-image-preview:large, max-video-preview:-1\" \/>\n<link rel=\"canonical\" href=\"https:\/\/magency.it\/magency\/index.php\/about\/\" \/>\n<meta property=\"og:locale\" content=\"it_IT\" \/>\n<meta property=\"og:type\" content=\"article\" \/>\n<meta property=\"og:title\" content=\"Chi siamo - Magency Udine\" \/>\n<meta property=\"og:description\" content=\"Siamo un\u2019agenzia di intermediazione nel settore dei semilavorati con esperienza ventennale in Italia e all&#039;estero.\" \/>\n<meta property=\"og:url\" content=\"https:\/\/magency.it\/magency\/index.php\/about\/\" \/>\n<meta property=\"og:site_name\" content=\"Merchandising Agency\" \/>\n<meta property=\"article:modified_time\" content=\"2020-12-28T15:36:18+00:00\" \/>\n<meta name=\"twitter:card\" content=\"summary_large_image\" \/>\n<meta name=\"twitter:label1\" content=\"Tempo di lettura stimato\" \/>\n\t<meta name=\"twitter:data1\" content=\"3 minuti\" \/>\n<script type=\"application\/ld+json\" class=\"yoast-schema-graph\">{\"@context\":\"https:\/\/schema.org\",\"@graph\":[{\"@type\":\"WebPage\",\"@id\":\"https:\/\/magency.it\/magency\/index.php\/about\/\",\"url\":\"https:\/\/magency.it\/magency\/index.php\/about\/\",\"name\":\"Chi siamo - Magency Udine\",\"isPartOf\":{\"@id\":\"https:\/\/magency.it\/magency\/#website\"},\"datePublished\":\"2015-07-27T03:29:01+00:00\",\"dateModified\":\"2020-12-28T15:36:18+00:00\",\"description\":\"Siamo un\u2019agenzia di intermediazione nel settore dei semilavorati con esperienza ventennale in Italia e all'estero.\",\"breadcrumb\":{\"@id\":\"https:\/\/magency.it\/magency\/index.php\/about\/#breadcrumb\"},\"inLanguage\":\"it-IT\",\"potentialAction\":[{\"@type\":\"ReadAction\",\"target\":[\"https:\/\/magency.it\/magency\/index.php\/about\/\"]}]},{\"@type\":\"BreadcrumbList\",\"@id\":\"https:\/\/magency.it\/magency\/index.php\/about\/#breadcrumb\",\"itemListElement\":[{\"@type\":\"ListItem\",\"position\":1,\"name\":\"Home\",\"item\":\"https:\/\/magency.it\/magency\/\"},{\"@type\":\"ListItem\",\"position\":2,\"name\":\"Chi Siamo\"}]},{\"@type\":\"WebSite\",\"@id\":\"https:\/\/magency.it\/magency\/#website\",\"url\":\"https:\/\/magency.it\/magency\/\",\"name\":\"Merchandising Agency\",\"description\":\"Agenzia di intermediazione e rappresentanze nel settore del mobile.\",\"potentialAction\":[{\"@type\":\"SearchAction\",\"target\":{\"@type\":\"EntryPoint\",\"urlTemplate\":\"https:\/\/magency.it\/magency\/?s={search_term_string}\"},\"query-input\":\"required name=search_term_string\"}],\"inLanguage\":\"it-IT\"}]}<\/script>\n<!-- \/ Yoast SEO plugin. -->","yoast_head_json":{"title":"Chi siamo - Magency Udine","description":"Siamo un\u2019agenzia di intermediazione nel settore dei semilavorati con esperienza ventennale in Italia e all'estero.","robots":{"index":"index","follow":"follow","max-snippet":"max-snippet:-1","max-image-preview":"max-image-preview:large","max-video-preview":"max-video-preview:-1"},"canonical":"https:\/\/magency.it\/magency\/index.php\/about\/","og_locale":"it_IT","og_type":"article","og_title":"Chi siamo - Magency Udine","og_description":"Siamo un\u2019agenzia di intermediazione nel settore dei semilavorati con esperienza ventennale in Italia e all'estero.","og_url":"https:\/\/magency.it\/magency\/index.php\/about\/","og_site_name":"Merchandising Agency","article_modified_time":"2020-12-28T15:36:18+00:00","twitter_card":"summary_large_image","twitter_misc":{"Tempo di lettura stimato":"3 minuti"},"schema":{"@context":"https:\/\/schema.org","@graph":[{"@type":"WebPage","@id":"https:\/\/magency.it\/magency\/index.php\/about\/","url":"https:\/\/magency.it\/magency\/index.php\/about\/","name":"Chi siamo - Magency Udine","isPartOf":{"@id":"https:\/\/magency.it\/magency\/#website"},"datePublished":"2015-07-27T03:29:01+00:00","dateModified":"2020-12-28T15:36:18+00:00","description":"Siamo un\u2019agenzia di intermediazione nel settore dei semilavorati con esperienza ventennale in Italia e all'estero.","breadcrumb":{"@id":"https:\/\/magency.it\/magency\/index.php\/about\/#breadcrumb"},"inLanguage":"it-IT","potentialAction":[{"@type":"ReadAction","target":["https:\/\/magency.it\/magency\/index.php\/about\/"]}]},{"@type":"BreadcrumbList","@id":"https:\/\/magency.it\/magency\/index.php\/about\/#breadcrumb","itemListElement":[{"@type":"ListItem","position":1,"name":"Home","item":"https:\/\/magency.it\/magency\/"},{"@type":"ListItem","position":2,"name":"Chi Siamo"}]},{"@type":"WebSite","@id":"https:\/\/magency.it\/magency\/#website","url":"https:\/\/magency.it\/magency\/","name":"Merchandising Agency","description":"Agenzia di intermediazione e rappresentanze nel settore del mobile.","potentialAction":[{"@type":"SearchAction","target":{"@type":"EntryPoint","urlTemplate":"https:\/\/magency.it\/magency\/?s={search_term_string}"},"query-input":"required name=search_term_string"}],"inLanguage":"it-IT"}]}},"_links":{"self":[{"href":"https:\/\/magency.it\/magency\/index.php\/wp-json\/wp\/v2\/pages\/229"}],"collection":[{"href":"https:\/\/magency.it\/magency\/index.php\/wp-json\/wp\/v2\/pages"}],"about":[{"href":"https:\/\/magency.it\/magency\/index.php\/wp-json\/wp\/v2\/types\/page"}],"author":[{"embeddable":true,"href":"https:\/\/magency.it\/magency\/index.php\/wp-json\/wp\/v2\/users\/1"}],"replies":[{"embeddable":true,"href":"https:\/\/magency.it\/magency\/index.php\/wp-json\/wp\/v2\/comments?post=229"}],"version-history":[{"count":9,"href":"https:\/\/magency.it\/magency\/index.php\/wp-json\/wp\/v2\/pages\/229\/revisions"}],"predecessor-version":[{"id":1296,"href":"https:\/\/magency.it\/magency\/index.php\/wp-json\/wp\/v2\/pages\/229\/revisions\/1296"}],"wp:attachment":[{"href":"https:\/\/magency.it\/magency\/index.php\/wp-json\/wp\/v2\/media?parent=229"}],"curies":[{"name":"wp","href":"https:\/\/api.w.org\/{rel}","templated":true}]}}